{"id":11,"date":"2018-07-25T16:43:54","date_gmt":"2018-07-25T14:43:54","guid":{"rendered":"http:\/\/u-schwung.de\/?page_id=11"},"modified":"2024-11-07T10:00:48","modified_gmt":"2024-11-07T09:00:48","slug":"u-schwung","status":"publish","type":"page","link":"https:\/\/u-schwung.de\/","title":{"rendered":"U-Schwung"},"content":{"rendered":"\n<p><strong>Mit U-Schwung zum Aufschwung!<\/strong><\/p>\n\n\n\n<p>U-Schwung bringt Menschen individuell und auch in Unternehmen und Organisationen zur Entfaltung ihrer vollen Potentiale, um derzeitige und zuk\u00fcnftige Herausforderungen zu meistern. Altes kann losgelassen werden, neue Energie und neuer Schwung werden kommen.<\/p>\n\n\n\n<p>Je nach Ausgangssituation und Zielsetzung kann ich Unterst\u00fctzung als Berater, Coach oder als Mentor anbieten.<\/p>\n\n\n\n<p>Dahinter stehen 35 Jahre Erfahrung als Energie\u00f6konom, davon 30 Jahre als Gesch\u00e4ftsf\u00fchrer und in den letzten Jahren zus\u00e4tzliche Ausbildungen und Erfahrungen als Coach.<\/p>\n\n\n\n<p>Insbesondere m\u00f6chte ich folgende <strong>Zielgruppen<\/strong> ansprechen:<\/p>\n\n\n\n<p><strong>Unternehmen<\/strong> und <strong>Organisationen<\/strong>, die vor gro\u00dfen Herausforderungen stehen und Unterst\u00fctzung suchen, bei der Entfaltung der eigenen Potentiale zur gemeinsamen Entwicklung von L\u00f6sungsstrategien mit umsetzbaren Ergebnissen f\u00fcr eine erfolgsversprechende Zukunft.<\/p>\n\n\n\n<p><strong>F\u00fchrungskr\u00e4fte<\/strong>, Selbst\u00e4ndige, (Fr\u00fch-) Rentner und solche Personen, die sich am \u00dcbergang von einer Besch\u00e4ftigung zu einer neuen oder in den Ruhestand befinden.<\/p>\n\n\n\n<p>F\u00fcr Interessierte biete ich ein erstes unverbindliches und kostenloses Gespr\u00e4ch an, in dem man gemeinsam feststellen kann, ob eine Zusammenarbeit sinnvoll und zielf\u00fchrend ist. Ich freue mich auf einen Anruf (017634112256)!<\/p>\n\n\n\n<p><\/p>\n\n\n\n<p class=\"has-medium-font-size\"><strong>Naturcoaching<\/strong><\/p>\n\n\n\n<p>Wenn wir uns in der Natur, vor allem im Wald aufhalten, kommen wir zur Ruhe und k\u00f6nnen Kraft tanken. Alle Elemente des Lebens: Feuer, Wasser, Luft und Erde sind hier vereint. Aber mehr als das finden wir in der Natur auch Antworten auf alle wichtigen Fragen des Lebens. Das <strong>Naturcoaching<\/strong> macht sich das zu Nutze. Wenn eine wichtige Frage klar geworden und formuliert ist, kann man in der Natur die Antwort finden.<\/p>\n\n\n\n<p>Als Integrativer Naturcoach zertifiziert nach <a href=\"http:\/\/www.weiterbildung-naturcoach.de\">Katja Dienemann <\/a>verstehe ich Natur-Coaching nicht nur als <strong>Coaching<\/strong> in und mit der Natur, sondern <strong>durch die Natur<\/strong>!<\/p>\n\n\n\n<p>Ich habe dazu eine eigene Naturcoaching-Methode entwickelt. Mehr Informationen dazu unter <a href=\"http:\/\/www.natur-schwung.de\">www.natur-schwung.de<\/a><\/p>\n\n\n\n<p>  <\/p>\n\n\n\n<p><\/p>\n\n\n\n<p><\/p>\n","protected":false},"excerpt":{"rendered":"<p>Mit U-Schwung zum Aufschwung! U-Schwung bringt Menschen individuell und auch in Unternehmen und Organisationen zur Entfaltung ihrer vollen Potentiale, um &hellip;<\/p>\n","protected":false},"author":1,"featured_media":0,"parent":0,"menu_order":0,"comment_status":"closed","ping_status":"closed","template":"templates\/front-page.php","meta":{"footnotes":""},"class_list":["post-11","page","type-page","status-publish","hentry"],"_links":{"self":[{"href":"https:\/\/u-schwung.de\/index.php?rest_route=\/wp\/v2\/pages\/11","targetHints":{"allow":["GET"]}}],"collection":[{"href":"https:\/\/u-schwung.de\/index.php?rest_route=\/wp\/v2\/pages"}],"about":[{"href":"https:\/\/u-schwung.de\/index.php?rest_route=\/wp\/v2\/types\/page"}],"author":[{"embeddable":true,"href":"https:\/\/u-schwung.de\/index.php?rest_route=\/wp\/v2\/users\/1"}],"replies":[{"embeddable":true,"href":"https:\/\/u-schwung.de\/index.php?rest_route=%2Fwp%2Fv2%2Fcomments&post=11"}],"version-history":[{"count":32,"href":"https:\/\/u-schwung.de\/index.php?rest_route=\/wp\/v2\/pages\/11\/revisions"}],"predecessor-version":[{"id":229,"href":"https:\/\/u-schwung.de\/index.php?rest_route=\/wp\/v2\/pages\/11\/revisions\/229"}],"wp:attachment":[{"href":"https:\/\/u-schwung.de\/index.php?rest_route=%2Fwp%2Fv2%2Fmedia&parent=11"}],"curies":[{"name":"wp","href":"https:\/\/api.w.org\/{rel}","templated":true}]}}