{"id":16,"date":"2018-07-25T16:48:35","date_gmt":"2018-07-25T14:48:35","guid":{"rendered":"http:\/\/u-schwung.de\/?page_id=16"},"modified":"2022-07-07T17:20:11","modified_gmt":"2022-07-07T15:20:11","slug":"was-bedeutet-das-u","status":"publish","type":"page","link":"https:\/\/u-schwung.de\/?page_id=16","title":{"rendered":"Was bedeutet U?"},"content":{"rendered":"<p>Das <strong>U<\/strong> ist abgeleitet von der <em><strong>Theorie U<\/strong><\/em> von C. Otto Scharmer (vgl. C.Otto Scharmer, Essentials der Theorie U, Heidelberg 2019).<\/p>\n<p>Bei <strong><em>Theorie U<\/em><\/strong> geht es um die zentrale Frage, wie Individuen, Gruppen oder Organisationen ihr h\u00f6chstes Zukunftspotential ersp\u00fcren und verwirklichen k\u00f6nnen (vgl. ebenda S. 33). Zu den Schl\u00fcsselideen geh\u00f6ren dabei die 3 Bewegungen: Beobachten, sich zu den Quellen begeben und das Neue in die Welt bringen. Wichtig ist dabei ein <strong>offenes Denken<\/strong>, d.h. alte Gewohnheiten des Urteilens aufzuheben, um mit neuen Augen sehen zu k\u00f6nnen. Ein <strong>offenes Herz<\/strong> hilft, eine Situation mit den Augen anderer Menschen nachzuempfinden. Und ein <strong>offener Willen<\/strong> hilft das Alte loszulassen und das Neue kommen zu lassen (vgl. ebenda, S. 42).\u00a0<\/p>\n<p>Der linke Ast des U repr\u00e4sentiert f\u00fcr mich den Prozess des \u201eLoslassens\u201c. \u00a0Die meisten Menschen tragen (Alt-) Lasten mit sich herum, die sie daran hindern, im hier und jetzt ihr volles Potential zu nutzen. All solche Dinge m\u00fcssen wir zun\u00e4chst loslassen. Im Tal des U k\u00f6nnen wir dann ganz in uns gehen und in Achtsamkeit sp\u00fcren, welchen Weg wir zuk\u00fcnftig gehen wollen. Mit voller Energie und der richtigen Schwingung k\u00f6nnen wir dann den rechten Ast hinauf neue Wege erkunden, erproben und dann auch verwirklichen.<\/p>\n<p>Dieser Prozess ist nicht nur individuell anwendbar, sondern er ist besonders geeignet f\u00fcr Gruppen, die gemeinsam Herausforderungen meistern wollen.<\/p>\n\n\n<p><\/p>\n","protected":false},"excerpt":{"rendered":"<p>Das U ist abgeleitet von der Theorie U von C. Otto Scharmer (vgl. C.Otto Scharmer, Essentials der Theorie U, Heidelberg &hellip;<\/p>\n","protected":false},"author":1,"featured_media":0,"parent":0,"menu_order":0,"comment_status":"closed","ping_status":"closed","template":"templates\/full-width-page.php","meta":{"footnotes":""},"class_list":["post-16","page","type-page","status-publish","hentry"],"_links":{"self":[{"href":"https:\/\/u-schwung.de\/index.php?rest_route=\/wp\/v2\/pages\/16","targetHints":{"allow":["GET"]}}],"collection":[{"href":"https:\/\/u-schwung.de\/index.php?rest_route=\/wp\/v2\/pages"}],"about":[{"href":"https:\/\/u-schwung.de\/index.php?rest_route=\/wp\/v2\/types\/page"}],"author":[{"embeddable":true,"href":"https:\/\/u-schwung.de\/index.php?rest_route=\/wp\/v2\/users\/1"}],"replies":[{"embeddable":true,"href":"https:\/\/u-schwung.de\/index.php?rest_route=%2Fwp%2Fv2%2Fcomments&post=16"}],"version-history":[{"count":6,"href":"https:\/\/u-schwung.de\/index.php?rest_route=\/wp\/v2\/pages\/16\/revisions"}],"predecessor-version":[{"id":177,"href":"https:\/\/u-schwung.de\/index.php?rest_route=\/wp\/v2\/pages\/16\/revisions\/177"}],"wp:attachment":[{"href":"https:\/\/u-schwung.de\/index.php?rest_route=%2Fwp%2Fv2%2Fmedia&parent=16"}],"curies":[{"name":"wp","href":"https:\/\/api.w.org\/{rel}","templated":true}]}}