{"id":213,"date":"2024-11-02T11:52:10","date_gmt":"2024-11-02T10:52:10","guid":{"rendered":"https:\/\/u-schwung.de\/?page_id=213"},"modified":"2025-01-03T10:52:15","modified_gmt":"2025-01-03T09:52:15","slug":"gesundheit","status":"publish","type":"page","link":"https:\/\/u-schwung.de\/?page_id=213","title":{"rendered":"Gesundheit"},"content":{"rendered":"\n<p>&#8222;<strong>Mens sana in corpore sano in natura sana&#8220; &#8211; &#8222;Ein gesunder Geist in einem gesunden K\u00f6rper in einer gesunden Umwelt.<\/strong>&#8222;<\/p>\n\n\n\n<p>Es ist erschreckend zu erkennen, wie viele Mitmenschen sich mit gesundheitlichen Problemen plagen. Sie haben diese schon so manifestiert, dass sie Vorschl\u00e4gen zur nachhaltigen Verbesserung der Gesundheit h\u00e4ufig nicht mehr offen gegen\u00fcber sind.<\/p>\n\n\n\n<p>Dabei ist manches doch einfach:<\/p>\n\n\n\n<p>Gesunde Ern\u00e4hrung, gen\u00fcgend (Wasser) Trinken und ausreichend Bewegung am besten an der frischen Luft, noch besser im Wald.<\/p>\n\n\n\n<p>Zur Ern\u00e4hrung gibt es zwar mehr Infos als je zuvor, es ist aber dennoch nicht so einfach. Denn selbst Obst und Gem\u00fcse enthalten nicht mehr genug Vitamine, N\u00e4hrstoffe und Mineralien, um unsere K\u00f6rper ausreichend zu versorgen. Daher ist die erg\u00e4nzende Einnahme von Mineralstoffen dringend zu empfehlen. <\/p>\n\n\n\n<p>Ich mache seit 30 Jahren Ausdauersport, ern\u00e4hre mich seit vielen Jahren vegetarisch bis vegan und trinke jeden Tag mindestens 2 Liter Wasser aus einer reinen Quelle. Seit mehr als einem Jahr nehme ich erg\u00e4nzend hochwertige Vitalstoffe und dadurch hat sich mein Gesundheitszustand nochmals nachhaltig verbessert.<\/p>\n\n\n\n<p>Und jetzt nach den Festtagen mache ich eine SWOK, eine Stoffwechsel-Optimierungs-Kur. Dabei l\u00e4sst man Kohlenhydrate, Zucker und Alkohol weg. Wenn man das Gewicht reduzieren will, Fette auch. Umso wichtiger ist, es gen\u00fcgend Vitamine und N\u00e4hrstoffe zu sich zu nehmen! Das geht eigentlich nur mit Nahrungserg\u00e4nzungsmitteln. Wer es auch machen will, kann mich gerne f\u00fcr weitere Infos kontaktieren.  <\/p>\n\n\n\n<figure class=\"wp-block-image size-full is-resized\"><img loading=\"lazy\" decoding=\"async\" width=\"400\" height=\"600\" src=\"https:\/\/u-schwung.de\/wp-content\/uploads\/2024\/11\/image.png\" alt=\"\" class=\"wp-image-214\" style=\"width:123px;height:auto\" srcset=\"https:\/\/u-schwung.de\/wp-content\/uploads\/2024\/11\/image.png 400w, https:\/\/u-schwung.de\/wp-content\/uploads\/2024\/11\/image-200x300.png 200w\" sizes=\"auto, (max-width: 400px) 100vw, 400px\" \/><\/figure>\n\n\n\n<figure class=\"wp-block-gallery has-nested-images columns-default is-cropped wp-block-gallery-1 is-layout-flex wp-block-gallery-is-layout-flex\"><\/figure>\n\n\n\n<p>F\u00fcr eine Beratung zu all diesen Punkten stehe ich gerne zur Verf\u00fcgung (017634112256 oder info(at)u-schwung.de).<\/p>\n","protected":false},"excerpt":{"rendered":"<p>&#8222;Mens sana in corpore sano in natura sana&#8220; &#8211; &#8222;Ein gesunder Geist in einem gesunden K\u00f6rper in einer gesunden Umwelt.&#8222; &hellip;<\/p>\n","protected":false},"author":1,"featured_media":0,"parent":0,"menu_order":0,"comment_status":"closed","ping_status":"closed","template":"templates\/full-width-page.php","meta":{"footnotes":""},"class_list":["post-213","page","type-page","status-publish","hentry"],"_links":{"self":[{"href":"https:\/\/u-schwung.de\/index.php?rest_route=\/wp\/v2\/pages\/213","targetHints":{"allow":["GET"]}}],"collection":[{"href":"https:\/\/u-schwung.de\/index.php?rest_route=\/wp\/v2\/pages"}],"about":[{"href":"https:\/\/u-schwung.de\/index.php?rest_route=\/wp\/v2\/types\/page"}],"author":[{"embeddable":true,"href":"https:\/\/u-schwung.de\/index.php?rest_route=\/wp\/v2\/users\/1"}],"replies":[{"embeddable":true,"href":"https:\/\/u-schwung.de\/index.php?rest_route=%2Fwp%2Fv2%2Fcomments&post=213"}],"version-history":[{"count":5,"href":"https:\/\/u-schwung.de\/index.php?rest_route=\/wp\/v2\/pages\/213\/revisions"}],"predecessor-version":[{"id":232,"href":"https:\/\/u-schwung.de\/index.php?rest_route=\/wp\/v2\/pages\/213\/revisions\/232"}],"wp:attachment":[{"href":"https:\/\/u-schwung.de\/index.php?rest_route=%2Fwp%2Fv2%2Fmedia&parent=213"}],"curies":[{"name":"wp","href":"https:\/\/api.w.org\/{rel}","templated":true}]}}