{"id":22,"date":"2018-07-25T16:50:34","date_gmt":"2018-07-25T14:50:34","guid":{"rendered":"http:\/\/u-schwung.de\/?page_id=22"},"modified":"2022-03-07T10:59:29","modified_gmt":"2022-03-07T09:59:29","slug":"naturcoaching","status":"publish","type":"page","link":"https:\/\/u-schwung.de\/?page_id=22","title":{"rendered":"Naturcoaching"},"content":{"rendered":"<p><img loading=\"lazy\" decoding=\"async\" class=\"size-medium wp-image-60 alignleft\" src=\"http:\/\/u-schwung.de\/wp-content\/uploads\/2018\/07\/3-St\u00e4mme-225x300.jpg\" alt=\"\" width=\"225\" height=\"300\" srcset=\"https:\/\/u-schwung.de\/wp-content\/uploads\/2018\/07\/3-St\u00e4mme-225x300.jpg 225w, https:\/\/u-schwung.de\/wp-content\/uploads\/2018\/07\/3-St\u00e4mme-768x1024.jpg 768w, https:\/\/u-schwung.de\/wp-content\/uploads\/2018\/07\/3-St\u00e4mme.jpg 1200w\" sizes=\"auto, (max-width: 225px) 100vw, 225px\" \/>Wenn wir uns in der Natur, vor allem im Wald aufhalten, kommen wir zur Ruhe und k\u00f6nnen Kraft tanken. Alle Elemente des Lebens: Feuer, Wasser, Luft und Erde sind hier vereint. Aber mehr als das finden wir in der Natur auch Antworten auf alle wichtigen Fragen des Lebens. Das <strong>Naturcoaching<\/strong> macht sich das zu Nutze. Wenn eine wichtige Frage klar geworden und formuliert ist, kann man in der Natur die Antwort finden.<\/p>\n<p>Dabei wird die Natur nicht nur als f\u00f6rderliche Kulisse genutzt, um bei der Bearbeitung lebenspraktischer Themen zu dienen. Die Natur wird auch nicht als Spiegel der eigenen Psyche verstanden.<\/p>\n<p>Vielmehr geht es um das bedingungslose Eintauchen in die Natur, die geheimnisvoller ist als jede menchliche Psyche. Denn es geht nicht nur um Selbstverwirklichung, sondern um <strong>Naturverwirklichung<\/strong>!<\/p>\n<p>Ich habe dazu eine eigene Naturcoaching-Methode entwickelt. Mehr Informationen dazu unter <a href=\"http:\/\/www.natur-schwung.de\">www.natur-schwung.de<\/a><\/p>\n<p><strong>Zielsetzung<\/strong><\/p>\n<p>Ich m\u00f6chte die Menschen unterst\u00fctzen, sich zu st\u00e4rken und den f\u00fcr sie richtigen Lebensweg zu finden. Ohne Stress, mit Lebensfreude, Energie und Liebe.<\/p>\n<p><strong>Philosophie hinter meiner Methode<\/strong><\/p>\n<p>Die Natur ist das perfekte Vorbild f\u00fcr ein Leben in Liebe und Harmonie. Die Natur ist nicht nur Co-Coach, sie ist der eigentliche Coach und ich der Co-Coach.<\/p>\n<p>Das Bild symbolisiert den von mir dazu angepassten U-Prozess:<\/p>\n<p><img loading=\"lazy\" decoding=\"async\" class=\"size-medium wp-image-116 aligncenter\" src=\"http:\/\/u-schwung.de\/wp-content\/uploads\/2019\/10\/U-Prozess-V2-253x300.png\" alt=\"\" width=\"253\" height=\"300\" srcset=\"https:\/\/u-schwung.de\/wp-content\/uploads\/2019\/10\/U-Prozess-V2-253x300.png 253w, https:\/\/u-schwung.de\/wp-content\/uploads\/2019\/10\/U-Prozess-V2-768x912.png 768w, https:\/\/u-schwung.de\/wp-content\/uploads\/2019\/10\/U-Prozess-V2-862x1024.png 862w\" sizes=\"auto, (max-width: 253px) 100vw, 253px\" \/><\/p>\n<p>Erg\u00e4nzend kann ich vielseitige Ur-Matrix\u00ae-Methoden anwenden, die auf der energetischen Ebene erstaunliche Wirkungen entfalten. Statt theoretischer Erkl\u00e4rungen setze ich hier auch lieber auf praktische Anwendungen.\u00a0<\/p>\n<p><img loading=\"lazy\" decoding=\"async\" class=\"size-medium wp-image-70 alignleft\" src=\"http:\/\/u-schwung.de\/wp-content\/uploads\/2018\/08\/Lichtwald-2-e1534936524346-225x300.jpg\" alt=\"\" width=\"225\" height=\"300\" srcset=\"https:\/\/u-schwung.de\/wp-content\/uploads\/2018\/08\/Lichtwald-2-e1534936524346-225x300.jpg 225w, https:\/\/u-schwung.de\/wp-content\/uploads\/2018\/08\/Lichtwald-2-e1534936524346-768x1024.jpg 768w, https:\/\/u-schwung.de\/wp-content\/uploads\/2018\/08\/Lichtwald-2-e1534936524346.jpg 1512w\" sizes=\"auto, (max-width: 225px) 100vw, 225px\" \/> Unser Lichtwald in Frankelbach<\/p>\n<p>Wir bieten dort Waldbaden, Naturcoaching, Waldmeditationen,\u00a0 \u00dcbernachtungen und Waldseminare an. Weiteres dazu siehe auch unter <a href=\"http:\/\/www.lebenatura.de\">www.lebenatura.de<\/a><\/p>\n\n\n<p><\/p>\n","protected":false},"excerpt":{"rendered":"<p>Wenn wir uns in der Natur, vor allem im Wald aufhalten, kommen wir zur Ruhe und k\u00f6nnen Kraft tanken. Alle &hellip;<\/p>\n","protected":false},"author":1,"featured_media":0,"parent":0,"menu_order":0,"comment_status":"closed","ping_status":"closed","template":"templates\/full-width-page.php","meta":{"footnotes":""},"class_list":["post-22","page","type-page","status-publish","hentry"],"_links":{"self":[{"href":"https:\/\/u-schwung.de\/index.php?rest_route=\/wp\/v2\/pages\/22","targetHints":{"allow":["GET"]}}],"collection":[{"href":"https:\/\/u-schwung.de\/index.php?rest_route=\/wp\/v2\/pages"}],"about":[{"href":"https:\/\/u-schwung.de\/index.php?rest_route=\/wp\/v2\/types\/page"}],"author":[{"embeddable":true,"href":"https:\/\/u-schwung.de\/index.php?rest_route=\/wp\/v2\/users\/1"}],"replies":[{"embeddable":true,"href":"https:\/\/u-schwung.de\/index.php?rest_route=%2Fwp%2Fv2%2Fcomments&post=22"}],"version-history":[{"count":16,"href":"https:\/\/u-schwung.de\/index.php?rest_route=\/wp\/v2\/pages\/22\/revisions"}],"predecessor-version":[{"id":196,"href":"https:\/\/u-schwung.de\/index.php?rest_route=\/wp\/v2\/pages\/22\/revisions\/196"}],"wp:attachment":[{"href":"https:\/\/u-schwung.de\/index.php?rest_route=%2Fwp%2Fv2%2Fmedia&parent=22"}],"curies":[{"name":"wp","href":"https:\/\/api.w.org\/{rel}","templated":true}]}}