{"id":24,"date":"2018-07-25T16:51:23","date_gmt":"2018-07-25T14:51:23","guid":{"rendered":"http:\/\/u-schwung.de\/?page_id=24"},"modified":"2025-01-08T11:50:32","modified_gmt":"2025-01-08T10:50:32","slug":"zur-person","status":"publish","type":"page","link":"https:\/\/u-schwung.de\/?page_id=24","title":{"rendered":"Zur Person"},"content":{"rendered":"<p>Ich habe Wirtschafts- und Sozialwissenschaften an der Universit\u00e4t Dortmund studiert und anschlie\u00dfend auch dort zum Dr.rer.pol. promoviert. Anschlie\u00dfend war ich 35 Jahre im Energiebereich t\u00e4tig, davon 30 Jahre als Gesch\u00e4ftsf\u00fchrer einer Energie-Agentur und eines Forschungsinstituts (IZES gGmbH). In der letzten Zeit kamen und kommen weitere Ausbildungen und Seminare zu den Themen Achtsamkeit, Meditation, und Naturcoaching hinzu.<\/p>\n<p>Seit November 2019 bin ich Integrativer Naturcoach zertifiziert nach Katja Dienemann.<\/p>\n<p><img loading=\"lazy\" decoding=\"async\" class=\"wp-image-134 aligncenter\" src=\"http:\/\/u-schwung.de\/wp-content\/uploads\/2019\/11\/Siegel_Naturcoach-300x300.jpg\" alt=\"\" width=\"83\" height=\"83\" srcset=\"https:\/\/u-schwung.de\/wp-content\/uploads\/2019\/11\/Siegel_Naturcoach-300x300.jpg 300w, https:\/\/u-schwung.de\/wp-content\/uploads\/2019\/11\/Siegel_Naturcoach-150x150.jpg 150w, https:\/\/u-schwung.de\/wp-content\/uploads\/2019\/11\/Siegel_Naturcoach-768x768.jpg 768w, https:\/\/u-schwung.de\/wp-content\/uploads\/2019\/11\/Siegel_Naturcoach-1024x1024.jpg 1024w, https:\/\/u-schwung.de\/wp-content\/uploads\/2019\/11\/Siegel_Naturcoach-100x100.jpg 100w, https:\/\/u-schwung.de\/wp-content\/uploads\/2019\/11\/Siegel_Naturcoach.jpg 1095w\" sizes=\"auto, (max-width: 83px) 100vw, 83px\" \/><\/p>\n<p>Seit Februar 2022 bin nach entsprechender Ausbildung bei Stefan Bratzel Ur-Matrix\u00ae-Coach.<\/p>\n<p>Ich habe immer wieder erfahren m\u00fcssen, wie meine Kreativit\u00e4t und Energie ausgebremst wurde durch \u00e4u\u00dfere und innere Hemmnisse. Jetzt m\u00f6chte ich befreit von allen Hemmnissen meine (unbegrenzte) Energie und Intelligenz entfalten. Gerne begleite ich andere Menschen individuell und in Unternehmen und Organisationen als Coach oder als Mentor bei der Entfaltung ihres vollen Potentials und Entwicklung von umsetzbaren L\u00f6sungsstrategien f\u00fcr eine erfolgversprechende Zukunft.<\/p>\n\n\n<p><\/p>\n","protected":false},"excerpt":{"rendered":"<p>Ich habe Wirtschafts- und Sozialwissenschaften an der Universit\u00e4t Dortmund studiert und anschlie\u00dfend auch dort zum Dr.rer.pol. promoviert. Anschlie\u00dfend war ich &hellip;<\/p>\n","protected":false},"author":1,"featured_media":0,"parent":0,"menu_order":0,"comment_status":"closed","ping_status":"closed","template":"templates\/full-width-page.php","meta":{"footnotes":""},"class_list":["post-24","page","type-page","status-publish","hentry"],"_links":{"self":[{"href":"https:\/\/u-schwung.de\/index.php?rest_route=\/wp\/v2\/pages\/24","targetHints":{"allow":["GET"]}}],"collection":[{"href":"https:\/\/u-schwung.de\/index.php?rest_route=\/wp\/v2\/pages"}],"about":[{"href":"https:\/\/u-schwung.de\/index.php?rest_route=\/wp\/v2\/types\/page"}],"author":[{"embeddable":true,"href":"https:\/\/u-schwung.de\/index.php?rest_route=\/wp\/v2\/users\/1"}],"replies":[{"embeddable":true,"href":"https:\/\/u-schwung.de\/index.php?rest_route=%2Fwp%2Fv2%2Fcomments&post=24"}],"version-history":[{"count":14,"href":"https:\/\/u-schwung.de\/index.php?rest_route=\/wp\/v2\/pages\/24\/revisions"}],"predecessor-version":[{"id":233,"href":"https:\/\/u-schwung.de\/index.php?rest_route=\/wp\/v2\/pages\/24\/revisions\/233"}],"wp:attachment":[{"href":"https:\/\/u-schwung.de\/index.php?rest_route=%2Fwp%2Fv2%2Fmedia&parent=24"}],"curies":[{"name":"wp","href":"https:\/\/api.w.org\/{rel}","templated":true}]}}